{"id":4226,"date":"2017-07-12T19:42:26","date_gmt":"2017-07-12T19:42:26","guid":{"rendered":"https:\/\/2017.transeuropafestival.eu\/conferences\/"},"modified":"2017-10-18T15:46:08","modified_gmt":"2017-10-18T15:46:08","slug":"conferences","status":"publish","type":"page","link":"https:\/\/2017.transeuropafestival.eu\/es\/conferences\/","title":{"rendered":"Conferences"},"content":{"rendered":"<div id='eventheader'  class='avia-section main_color avia-section-huge avia-no-border-styling  avia-full-stretch av-parallax-section av-section-color-overlay-active avia-bg-style-parallax  avia-builder-el-0  el_before_av_section  avia-builder-el-first   container_wrap fullsize' style=' '  data-section-bg-repeat='stretch'><div class='av-parallax' data-avia-parallax-ratio='0.3' ><div class='av-parallax-inner main_color  avia-full-stretch' style = 'background-repeat: no-repeat; background-image: url(https:\/\/2017.transeuropafestival.eu\/wp-content\/uploads\/2017\/01\/banners-1500x450_0005_3.jpg);background-attachment: scroll; background-position: center center; ' ><\/div><\/div><div class='av-section-color-overlay-wrap'><div class='av-section-color-overlay' style='opacity: 0.5; background-color: #35383c; '><\/div><div class='container' ><main  role=\"main\" itemprop=\"mainContentOfPage\"  class='template-page content  av-content-full alpha units'><div class='post-entry post-entry-type-page post-entry-4226'><div class='entry-content-wrapper clearfix'>\n<div class=\"flex_column av_one_fifth  flex_column_div av-zero-column-padding first  avia-builder-el-1  el_before_av_three_fifth  avia-builder-el-first  \" style='border-radius:0px; '><\/div><div class=\"flex_column av_three_fifth  flex_column_div av-zero-column-padding   avia-builder-el-2  el_after_av_one_fifth  el_before_av_one_fifth  \" style='border-radius:0px; '><div  style='padding-bottom:19px; color:#ffffff;font-size:40px;' class='av-special-heading av-special-heading-h1 custom-color-heading blockquote modern-quote modern-centered  avia-builder-el-3  avia-builder-el-no-sibling  av-inherit-size '><h1 class='av-special-heading-tag '  itemprop=\"headline\"  >Plenarias abiertas y Debates<\/h1><div class='special-heading-border'><div class='special-heading-inner-border' style='border-color:#ffffff'><\/div><\/div><\/div><\/div><div class=\"flex_column av_one_fifth  flex_column_div av-zero-column-padding   avia-builder-el-4  el_after_av_three_fifth  avia-builder-el-last  \" style='border-radius:0px; '><\/div>\n\n<\/div><\/div><\/main><!-- close content main element --><\/div><\/div><\/div><div id='av_section_2'  class='avia-section main_color avia-section-small avia-no-border-styling  avia-bg-style-scroll  avia-builder-el-5  el_after_av_section  avia-builder-el-last   container_wrap fullsize' style=' '  ><div class='container' ><div class='template-page content  av-content-full alpha units'><div class='post-entry post-entry-type-page post-entry-4226'><div class='entry-content-wrapper clearfix'>\n<div class=\"flex_column av_one_fifth  flex_column_div av-zero-column-padding first  avia-builder-el-6  el_before_av_three_fifth  avia-builder-el-first  \" style='border-radius:0px; '><\/div><div class=\"flex_column av_three_fifth  flex_column_div av-zero-column-padding   avia-builder-el-7  el_after_av_one_fifth  el_before_av_one_fifth  \" style='border-radius:0px; '><section class=\"av_textblock_section \"  itemscope=\"itemscope\" itemtype=\"https:\/\/schema.org\/CreativeWork\" ><div class='avia_textblock  '  style='font-size:14px; '  itemprop=\"text\" ><p>M\u00e1s all\u00e1 de invitar a lxs participantes a pensar Europa de manera diferente, el Festival TRANSEUROPA abre espacios compartidos para que artistas e intelectuales se involucren con el p\u00fablico en una serie de debates, asambleas y conferencias abiertas que se celebrar\u00e1n del 25 al 29 de octubre en diferentes espacios en la ciudad de Madrid.<\/p>\n<p>Todos nuestros eventos reconocer\u00e1n y destacar\u00e1n el papel que juega el arte en el cambio social y pol\u00edtico y tendr\u00e1n como objetivo activar una reflexi\u00f3n sobre el significado de Europa y sobre las responsabilidades de las instituciones pol\u00edticas, culturales y art\u00edsticas. Nunca como en este momento de la historia, los fundamentos mismos de Europa han sido cuestionados tanto como hoy: \u00bfcu\u00e1l es el papel que las artes pueden desempe\u00f1ar al imaginar una nueva forma de pensar la pol\u00edtica? \u00bfQu\u00e9 funci\u00f3n juega la sociedad civil en \u00e9l?<\/p>\n<p>Invitamos a algunas de las voces m\u00e1s interesantes del escenario pol\u00edtico y art\u00edstico a reflexionar sobre estos temas. El objetivo es poner diferentes mundos en el di\u00e1logo sobre temas cruciales como la democracia, el arte, la migraci\u00f3n, el feminismo, los comunes, el nuevo municipio y la cultura.<\/p>\n<h3><span style=\"color: #ff00ff;\"><b>\u00bfQU\u00c9 HAY DESPU\u00c9S DEL ESTADO NACI\u00d3N?\u00a0<\/b><b>Ideas para un futuro por debajo y m\u00e1s all\u00e1 de la naci\u00f3n<\/b><\/span><\/h3>\n<p><i>En colaboraci\u00f3n con<b>\u00a0\u201c<\/b><\/i><i>The Kyiv Internationale\u201d \u2212 Kyiv Bienale 2017<\/i><\/p>\n<p><strong>S\u00e1bado 28 de octubre \u2013\u00a0h16.00 \u2013 21.00\u00a0<\/strong><br \/>\n<strong>Venue:\u00a0Matadero<\/strong><\/p>\n<p><span style=\"font-weight: 400;\">El concepto tradicional de estado naci\u00f3n est\u00e1 en crisis. Se descompone<\/span> <span style=\"font-weight: 400;\">a la vez desde arriba y desde abajo. Internacionalmente, se confirma cada vez m\u00e1s que los estados naciones no son capaces de enfrentarse<\/span> <span style=\"font-weight: 400;\">a los retos originados por la innovaci\u00f3n tecnol\u00f3gica, la migraci\u00f3n, el cambio clim\u00e1tico o los flujos financieros. Localmente, las nuevas demandas regionales y municipales, as\u00ed como el creciente<\/span> <span style=\"font-weight: 400;\">discurso sobre los comunes y la autonom\u00eda, exigen una nueva democracia de proximidad. Esta situaci\u00f3n nos insta a reformular nuestra concepci\u00f3n del estado-naci\u00f3n. Con este simposio analizaremos y ampararemos dicho cambio. \u00bfQu\u00e9 hay despu\u00e9s del estado-naci\u00f3n?<\/span><\/p>\n<p><b>DESCRIPCI\u00d3N GENERAL<\/b><\/p>\n<p><span style=\"font-weight: 400;\">En la era de la crisis de la globalizaci\u00f3n y del estado naci\u00f3n, las ideas de unidad transfronteriza y solidaridad transnacional parecen ser de la mayor urgencia. <\/span><\/p>\n<p><span style=\"font-weight: 400;\">European Alternativas ha trabajado durante mucho tiempo para analizar, criticar y avanzar m\u00e1s all\u00e1 del concepto de estado-naci\u00f3n. Hemos intentando desarticular este concepto tanto desde abajo &#8211; investigando la autonom\u00eda local, el municipalismo y los estados plurinacionales &#8211; como desde arriba, con una reflexi\u00f3n sobre las formas pol\u00edticas transnacionales y el papel de Europa. <\/span><\/p>\n<p><span style=\"font-weight: 400;\">Hoy, ambas dimensiones son cada vez m\u00e1s relevantes y urgentes. <\/span><\/p>\n<p><span style=\"font-weight: 400;\">El estado naci\u00f3n demuestra cada vez m\u00e1s ser un veh\u00edculo incapaz de enfrentarse a los retos que conllevan la innovaci\u00f3n tecnol\u00f3gica, las migraciones, el cambio clim\u00e1tico o los flujos financieros. Esto es claramente palpable en la Uni\u00f3n Europea: donde la incapacidad de construir una democracia postnacional acarrea<\/span> <span style=\"font-weight: 400;\">pol\u00edticas econ\u00f3micas disfuncionales, falta de pol\u00edticas de migraci\u00f3n plausibles<\/span><b>, <\/b><span style=\"font-weight: 400;\">competiciones de impuestos entre estados y una carrera hacia los m\u00ednimos en tributaciones multinacionales y en los derechos de lxs trabajadorxs. <\/span><\/p>\n<p><span style=\"font-weight: 400;\">Al mismo tiempo, la experiencia de un nuevo municipalismo, as\u00ed como las discusiones sobre la posici\u00f3n de Catalunya, Valonia o Escocia, est\u00e1 desafiando al estado naci\u00f3n desde abajo. Desde Barcelona a N\u00e1poles, lxs ciudadanxs demandan cada vez m\u00e1s<\/span> <span style=\"font-weight: 400;\">el derecho a participar directamente en las decisiones que afectan a sus vidas en su localidad. Y a\u00fan as\u00ed, la concentraci\u00f3n de poderes en la capital nacional frustra a menudo las reivindicaciones por una mayor autonom\u00eda y obstruye cualquier soberan\u00eda de proximidad significativa. <\/span><\/p>\n<p><span style=\"font-weight: 400;\">Esta situaci\u00f3n nos insta a reformular nuestra concepci\u00f3n del estado-naci\u00f3n, en lugar de replicarla. Con este simposio tomamos las riendas de esa conversaci\u00f3n, mostrando los avances que pasan tanto <\/span><i><span style=\"font-weight: 400;\">por debajo<\/span><\/i><span style=\"font-weight: 400;\"> como <\/span><i><span style=\"font-weight: 400;\">por encima <\/span><\/i><span style=\"font-weight: 400;\">del estado-naci\u00f3n, as\u00ed como los puntos de contacto que existen entre los dos. Extendi\u00e9ndose desde las artes a la pol\u00edtica, desde la teor\u00eda a los movimientos populares, discutiremos el camino hacia un futuro post nacional. <\/span><\/p>\n<p><i><span style=\"font-weight: 400;\">El evento est\u00e1 organizado junto a <\/span><\/i><span style=\"font-weight: 400;\">La Internacional de Kiev \u2013 Biennale de Kiev 2017<\/span><i><span style=\"font-weight: 400;\">, que albergar\u00e1 la Parte II del simposio el 22 de noviembre en Kiev, Ucrania.<\/span><\/i><\/p>\n<ol>\n<li><strong>La Gran Regresi\u00f3n : \u00bfLa regreso de los nacionalismos? <\/strong><\/li>\n<\/ol>\n<p><span style=\"font-weight: 400;\">(co-organizado por editorxs Suhrkamp)<\/span><\/p>\n<p><span style=\"font-weight: 400;\">La forma tradicional de estado-naci\u00f3n se confirma cada vez m\u00e1s como un veh\u00edculo incapaz de enfrentarse a los retos que conllevan la innovaci\u00f3n tecnol\u00f3gica, las migraciones, el cambio clim\u00e1tico o los flujos financieros. Y a\u00fan as\u00ed, los intentos de superarlo, equilibrando<\/span> <span style=\"font-weight: 400;\">la globalizaci\u00f3n de la econom\u00eda con una globalizaci\u00f3n de la pol\u00edtica, parecen estar bloqueados o incluso ir marcha atr\u00e1s. \u00bfQu\u00e9 toca ahora?<\/span><\/p>\n<p><em><strong>Con Marina Garc\u00e9s,\u00a0Santiago Alba Rico,\u00a0Arjun Appadurai.\u00a0Moderado por Niccolo Milanese<\/strong><\/em><\/p>\n<p><strong>2. La par\u00e1bola del Estado-Naci\u00f3n <\/strong><\/p>\n<p><span style=\"font-weight: 400;\">El estado naci\u00f3n es una construcci\u00f3n hist\u00f3rica europea reciente. Gracias al imperialismo ha sido exportada globalmente, anulando formas previas de comunidad y sociedad. \u00bfPodemos encontrar fuera de Occidente una lecci\u00f3n sobre c\u00f3mo superar el nacionalismo?<\/span><\/p>\n<p><em><strong>Con You Mi,\u00a0Vasyl Cherepanyn,\u00a0Oliver Ressler.\u00a0Moderado por: Catherine Hug<\/strong><\/em><\/p>\n<p><strong>3. Desde la ciudad a Europa, eludiendo el Estado<\/strong><\/p>\n<p><span style=\"font-weight: 400;\">Un espectro atormenta Europa: el espectro del municipalismo. \u00bfHasta qu\u00e9 punto ofrece una respuesta sensata a la amenaza de la Gran Regresi\u00f3n? \u00bfPodr\u00edamos imaginar nuevas formas de gobierno donde los niveles transnacionales y locales est\u00e9n en contacto directo?<\/span><\/p>\n<p><em><strong>Con Gesine Schwan,\u00a0Piotr Kowalczuk ,\u00a0Mauricio Valiente,\u00a0Luigi de Magistris (tbc),\u00a0Juan Catalano.\u00a0Moderado por Daphne B\u00fcllesbach<\/strong><\/em><\/p>\n<p><strong>4. \u00bfOfrecen los comunes una visi\u00f3n renovada para Europa? <\/strong><\/p>\n<p><span style=\"font-weight: 400;\">Una charla con miembrxs de la Asamblea Europea de los Comunes.\u00a0<\/span><\/p>\n<p><em><strong>Con Sophie Bloemen (Commons Network),\u00a0Iva Cucik (Iniciativa Belgrade don\u2019t drown),\u00a0Stacco Troncoso (P2P Foundation).\u00a0Moderado por Marta Cillero <\/strong><\/em><\/p>\n<p><strong>5. El camino hacia delante<\/strong><\/p>\n<p><span style=\"font-weight: 400;\">\u00bfQu\u00e9 camino lleva a Europa hacia delante y cu\u00e1l es nuestra responsabilidad? \u00bfC\u00f3mo podemos aprovechar las elecciones europeas de 2019 para conseguir un cambio?<\/span><\/p>\n<p><em>Con Miguel Urban y\u00a0Lorenzo Marsili.\u00a0Moderada por Maria Eugenia Palop<\/em><\/p>\n<p>El evento se organiza en cooperaci\u00f3n con la Bienal de Kyiv Internacional &#8211; Kiev 2017, que ser\u00e1 el anfitri\u00f3n de la Parte II del Forum el 22 de noviembre en Kiev, Ucrania.<\/p>\n<hr \/>\n<h3><span style=\"color: #ff00ff;\">CONVERGENT TALKS<\/span><\/h3>\n<p><strong>Jueves 26 de octubre \u2013 16.00 \u2013 17<\/strong><strong>.30\u00a0<\/strong><\/p>\n<p><strong>Venue: Auditorio CentroCentro<\/strong><\/p>\n<p>1)\u00a0<a href=\"https:\/\/2017.transeuropafestival.eu\/eventos\/tax-evasion-european\/\"><em>Tax justice, a European Issue<\/em><\/a>\u00a0por Walter Palmetshofer<\/p>\n<p>2)<em><a href=\"https:\/\/2017.transeuropafestival.eu\/eventos\/culture-war-in-poland\/\">\u201cAve! Ave! Christus Rex!\u201d: Report from the Culture War\u00a0<\/a>in Poland<\/em>\u00a0por Igor Stokfiszewski<\/p>\n<p>3)\u00a0<a href=\"https:\/\/2017.transeuropafestival.eu\/eventos\/black-lives-matter\/\"><em>Black Lives Matter Dinamarca<\/em>\u00a0<\/a>por Bwalya Soresen<\/p>\n<hr \/>\n<h3><span style=\"color: #ff00ff;\"><strong>PROYECCI\u00d3N: \u2018When Paul Came Over the Sea\u2019<\/strong><\/span><\/h3>\n<p><strong>Jueves 26 de octubre \u2013 19.00 \u2013 21.00<\/strong><\/p>\n<p><strong>Venue: Cineteca Matadero<\/strong><\/p>\n<p>Jakob Preuss, nacido en 1975 en Berl\u00edn, es un documentalista. Sus pel\u00edculas, rodadas en Ir\u00e1n, Bosnia y Ucrania, se han transmitido en m\u00e1s de diez pa\u00edses y han sido proyectadas en numerosos festivales. Su \u00faltima pel\u00edcula \u00abThe Other Chelsea\u00bb gan\u00f3 el premio First Steps-Award y el Grimme-Award en Alemania. Adem\u00e1s de sus actividades como cineasta, Jakob Preuss tambi\u00e9n se dedica al trabajo pol\u00edtico. Presentar\u00e1 su \u00faltimo documental \u2018\u00a0<a href=\"https:\/\/2017.transeuropafestival.eu\/eventos\/screening-when-paul\/\">When Paul Came Over the Sea<\/a>\u2018 el jueves de 19h 21h.<\/p>\n<hr \/>\n<h3><span style=\"color: #ff00ff;\">Asamblea abierta: Commons y pol\u00edtica urbana radical<\/span><\/h3>\n<p>En colaboraci\u00f3n con la European Commons Assembly<\/p>\n<p><strong>Jueves 26 de octubre \u2013 19.00 \u2013 21.00<\/strong><\/p>\n<p><strong>Venue: MediaLab Prado<\/strong><\/p>\n<hr \/>\n<h3><span style=\"color: #ff00ff;\"><strong>CRIMINALIZACI\u00d3N DEL SALVAMENTO EN EL MEDITERR\u00c1NEO<\/strong><\/span><\/h3>\n<p>Con Tommaso Fabbri y Cedric Harrou (tbc) moderado por PorCausa<\/p>\n<p><strong>Viernes 27 de octubre \u2013 18:30 \u2013 20:00<\/strong><\/p>\n<p><strong>Venue: Matadero Nave16<\/strong><\/p>\n<p>Los pol\u00edticos, los gobiernos y tambi\u00e9n los medios de comunicaci\u00f3n de toda Europa han acusado a las organizaciones no gubernamentales y a lxs activistas que realizan operaciones de b\u00fasqueda y rescate en el Mediterr\u00e1neo de socavar los esfuerzos para reducir el n\u00famero de personas que entran en Europa. A\u00fan peor, los barcos que llevan a cabo medidas de salvamento han sido obstruidos (por ejemplo barcos de Jugend Rettet, MSF, Sea Watch, SOS Mediteran\u00e9e) y los ayudantes fueron atacados como contrabandistas humanos y en algunos casos sometidos a juicio. La idea ilusoria de detener a las personas que huyen de la guerra, la persecuci\u00f3n y la pobreza prevalece. Garantizar las fronteras de la UE se considera una prioridad m\u00e1s alta que salvar la vida de las personas. Dado el contexto actual de criminalizaci\u00f3n y represi\u00f3n de quienes salvan vidas humanas en el Mediterr\u00e1neo y en otros lugares, TRANSEUROPA organiza un debate entre Tommaso Fabbri (jefe de MSF Misi\u00f3n Italia) y Cedric Harrou (defensor de los derechos humanos franc\u00e9s con un caso judicial pendiente) moderado por PorCausa.<\/p>\n<hr \/>\n<h3><span style=\"color: #ff00ff;\">ASAMBLEA GENERAL DE EUROPEAN ALTERNATIVES<\/span><\/h3>\n<p>Cada ano, European Alternatives organiza la\u00a0<a href=\"https:\/\/2017.transeuropafestival.eu\/eventos\/open-assembly-european\/\"><strong>Annual General Meeting (AGM)<\/strong><\/a>, una reuni\u00f3n din\u00e1mica y animada que inspira a los miembros, al consejo y al personal a seguir trabajando por la democracia, la igualdad y la cultura m\u00e1s all\u00e1 del Estado-naci\u00f3n y trazar la orientaci\u00f3n estrat\u00e9gica de European Alternatives para el pr\u00f3ximo a\u00f1o.<\/p>\n<p><strong>Domingo 29 de octubre \u2013 10:00 \u2013 14:30<\/strong><\/p>\n<p><strong>Venue: Matadero Nave16<\/strong><\/p>\n<\/div><\/section><\/div><div class=\"flex_column av_one_fifth  flex_column_div av-zero-column-padding   avia-builder-el-9  el_after_av_three_fifth  avia-builder-el-last  \" style='border-radius:0px; '><\/div>\n","protected":false},"excerpt":{"rendered":"","protected":false},"author":1,"featured_media":0,"parent":0,"menu_order":0,"comment_status":"closed","ping_status":"closed","template":"tpl-category.php","meta":{"footnotes":""},"class_list":["post-4226","page","type-page","status-publish","hentry"],"_links":{"self":[{"href":"https:\/\/2017.transeuropafestival.eu\/es\/wp-json\/wp\/v2\/pages\/4226","targetHints":{"allow":["GET"]}}],"collection":[{"href":"https:\/\/2017.transeuropafestival.eu\/es\/wp-json\/wp\/v2\/pages"}],"about":[{"href":"https:\/\/2017.transeuropafestival.eu\/es\/wp-json\/wp\/v2\/types\/page"}],"author":[{"embeddable":true,"href":"https:\/\/2017.transeuropafestival.eu\/es\/wp-json\/wp\/v2\/users\/1"}],"replies":[{"embeddable":true,"href":"https:\/\/2017.transeuropafestival.eu\/es\/wp-json\/wp\/v2\/comments?post=4226"}],"version-history":[{"count":11,"href":"https:\/\/2017.transeuropafestival.eu\/es\/wp-json\/wp\/v2\/pages\/4226\/revisions"}],"predecessor-version":[{"id":6652,"href":"https:\/\/2017.transeuropafestival.eu\/es\/wp-json\/wp\/v2\/pages\/4226\/revisions\/6652"}],"wp:attachment":[{"href":"https:\/\/2017.transeuropafestival.eu\/es\/wp-json\/wp\/v2\/media?parent=4226"}],"curies":[{"name":"wp","href":"https:\/\/api.w.org\/{rel}","templated":true}]}}