{"id":4228,"date":"2017-07-12T19:43:03","date_gmt":"2017-07-12T19:43:03","guid":{"rendered":"https:\/\/2017.transeuropafestival.eu\/exhibition\/"},"modified":"2017-10-04T07:45:03","modified_gmt":"2017-10-04T07:45:03","slug":"exhibition","status":"publish","type":"page","link":"https:\/\/2017.transeuropafestival.eu\/es\/exhibition\/","title":{"rendered":"Exposiciones"},"content":{"rendered":"<div id='eventheader'  class='avia-section main_color avia-section-huge avia-no-border-styling  avia-full-stretch av-parallax-section av-section-color-overlay-active avia-bg-style-parallax  avia-builder-el-0  el_before_av_section  avia-builder-el-first   container_wrap fullsize' style=' '  data-section-bg-repeat='stretch'><div class='av-parallax' data-avia-parallax-ratio='0.3' ><div class='av-parallax-inner main_color  avia-full-stretch' style = 'background-repeat: no-repeat; background-image: url(https:\/\/2017.transeuropafestival.eu\/wp-content\/uploads\/2017\/01\/banners-1500x450_0002_6.jpg);background-attachment: scroll; background-position: center center; ' ><\/div><\/div><div class='av-section-color-overlay-wrap'><div class='av-section-color-overlay' style='opacity: 0.5; background-color: #35383c; '><\/div><div class='container' ><main  role=\"main\" itemprop=\"mainContentOfPage\"  class='template-page content  av-content-full alpha units'><div class='post-entry post-entry-type-page post-entry-4228'><div class='entry-content-wrapper clearfix'>\n<div class=\"flex_column av_one_fifth  flex_column_div av-zero-column-padding first  avia-builder-el-1  el_before_av_three_fifth  avia-builder-el-first  \" style='border-radius:0px; '><\/div><div class=\"flex_column av_three_fifth  flex_column_div av-zero-column-padding   avia-builder-el-2  el_after_av_one_fifth  el_before_av_one_fifth  \" style='border-radius:0px; '><div  style='padding-bottom:19px; color:#ffffff;font-size:40px;' class='av-special-heading av-special-heading-h1 custom-color-heading blockquote modern-quote modern-centered  avia-builder-el-3  avia-builder-el-no-sibling  av-inherit-size '><h1 class='av-special-heading-tag '  itemprop=\"headline\"  >Exposiciones<\/h1><div class='special-heading-border'><div class='special-heading-inner-border' style='border-color:#ffffff'><\/div><\/div><\/div><\/div><div class=\"flex_column av_one_fifth  flex_column_div av-zero-column-padding   avia-builder-el-4  el_after_av_three_fifth  avia-builder-el-last  \" style='border-radius:0px; '><\/div>\n\n<\/div><\/div><\/main><!-- close content main element --><\/div><\/div><\/div><div id='av_section_2'  class='avia-section main_color avia-section-small avia-no-border-styling  avia-bg-style-scroll  avia-builder-el-5  el_after_av_section  avia-builder-el-last   container_wrap fullsize' style=' '  ><div class='container' ><div class='template-page content  av-content-full alpha units'><div class='post-entry post-entry-type-page post-entry-4228'><div class='entry-content-wrapper clearfix'>\n<div class=\"flex_column av_one_fifth  flex_column_div av-zero-column-padding first  avia-builder-el-6  el_before_av_three_fifth  avia-builder-el-first  \" style='border-radius:0px; '><\/div><div class=\"flex_column av_three_fifth  flex_column_div av-zero-column-padding   avia-builder-el-7  el_after_av_one_fifth  el_before_av_one_fifth  \" style='border-radius:0px; '><section class=\"av_textblock_section \"  itemscope=\"itemscope\" itemtype=\"https:\/\/schema.org\/CreativeWork\" ><div class='avia_textblock  '  style='font-size:14px; '  itemprop=\"text\" ><h3><span style=\"color: #ff00ff;\"><b>EUROPA COMO REFUGIO<\/b><\/span><\/h3>\n<p><strong>Nave 16 Matadero \u2013 Del 25 al 29 de Octubre de 11h a 21h.<\/strong><\/p>\n<p><strong> Opening Mi\u00e9rcoles 25 a las 20h<\/strong><\/p>\n<p>La afluencia reciente de refugiadxs y personas migrantes en Europa es a menudo interpretada en los medios de comunicaci\u00f3n y el discurso pol\u00edtico como una crisis y una amenaza. TRANSEUROPA trae a Madrid una serie de exposiciones de sus partners art\u00edsticos <a href=\"http:\/\/www.perpetualmobile.org\/?lang=en\">Perpetuum Mobile\u00a0<\/a>y\u00a0<a href=\"http:\/\/www.athensyn.com\/\">AthenSYN<\/a> procedentes de la Bienal de Atenas y de los Museos Nacionales de Cultura Mundial en Suecia, que se basan en propuestas culturales creativas y ofrecen espacios para procesos art\u00edsticos de co-creaci\u00f3n. Las exposiciones,\u00a0<strong>\u2018<a href=\"https:\/\/2017.transeuropafestival.eu\/eventos\/artists-at-risk\/\">Artists at Risk<\/a>\u2018<\/strong>,\u00a0<strong>\u2018<a href=\"https:\/\/2017.transeuropafestival.eu\/eventos\/ihopp-2\/\">iHopP<\/a><\/strong>\u2018 y\u00a0<strong>\u2018<a href=\"https:\/\/2017.transeuropafestival.eu\/eventos\/universitas\/\">UNIVERSITAS<\/a>\u2018,<\/strong>\u00a0son parte de \u2018<a href=\"https:\/\/euroalter.com\/projects\/refuge-europe\">Re-Build Refuge Europe<\/a>\u2019, un proyecto liderado por European Alternatives y co-financiado por el programa Europa Creativa de la Comisi\u00f3n Europea, que re\u00fane a socios del Reino Unido, Suecia, Espa\u00f1a, Finlandia, Alemania y Grecia. Las piezas reunidas en estas exposiciones comparten el objetivo fundamental de romper im\u00e1genes estereot\u00edpicas y contrarrestar los discursos dominantes y visualizaciones de \u00abcrisis\u00bb y \u00abamenaza\u00bb de los reci\u00e9n llegados.<\/p>\n<p>TRANSEUROPA proporciona un espacio para vincular a actores culturales y sociales movilizados en diferentes rincones de Europa para intercambiar y construir nuevas pr\u00e1cticas culturales. Como parte de este intercambio\u00a0<strong><a href=\"http:\/\/www.ressler.at\/category\/projects\/\">Oliver Ressler<\/a><\/strong> tambi\u00e9n trae dos producciones audiovisuales que reflejan las voces que no se escuchan en el llamado \u00abdebate de refugiados\u00bb: \u2018<strong><a href=\"https:\/\/2017.transeuropafestival.eu\/eventos\/emergency-turned-upside-down\/\">Emergency turned upside Down<\/a>\u2019<\/strong>\u00a0and \u2018<strong><a href=\"https:\/\/2017.transeuropafestival.eu\/eventos\/there-are-no-syrian-refugees-in-turkey\/\">There are no Syrian Refugees in Turkey<\/a>\u2019.<\/strong><\/p>\n<h3><span style=\"color: #ff00ff;\"><strong>ARTIVISMO DE LOS M\u00c1RGENES DE EUROPA<\/strong><\/span><\/h3>\n<p><strong>Lonja de exposiciones del Centro Cultural Casa del Reloj. Del 25 al 28 de Octubre de 10h a 20h<\/strong><\/p>\n<p><strong> Opening Jueves 26 de 18h \u2013 20h<\/strong><\/p>\n<p>TRANSEUROPA abre un espacio temporal transnacional para hacer visibles las voces de toda Europa que utilizan el arte como una forma de compromiso pol\u00edtico. Artistas que trabajan diariamente a nivel local en los m\u00e1rgenes de Europa para imaginar y poner en pr\u00e1ctica nuevas formas de pol\u00edtica a trav\u00e9s del arte. De mujeres artistas en Ucrania que utilizan su trabajo para responder a los desaf\u00edos sociales en su pa\u00eds y reclamar el feminismo en <strong>\u2018<a href=\"https:\/\/2017.transeuropafestival.eu\/eventos\/womens-texts-feminist-art-from-ukraine\/\">Women\u2019s Texts: Feminist Art from the East<\/a><\/strong>\u2018, a artistas desplazadxs que tienen derechos limitados en la participaci\u00f3n y en la toma de decisiones colectivas a nivel local que afectan su sentido de pertenencia y la percepci\u00f3n de los contextos culturales locales en \u2018<strong><a href=\"https:\/\/2017.transeuropafestival.eu\/eventos\/the-voice-of_________\/\">The Voice of _____\u2019<\/a>.<\/strong><\/p>\n<p>Con &#8216;Artivismo de los m\u00e1rgenes europeos&#8217; Transeuropa trae a Madrid unas asombrosas exposiciones, comisariadas por artistas que abordan cuestiones sociales y pol\u00edticas tangibles que tocan los fundamentos de la idea de Europa. Proponen que Europa necesita ser entendida fuera de su espacio f\u00edsico, en sus relaciones con el mundo e imaginar una sociedad diferente creando y descubriendo un nuevo lenguaje, nuevos s\u00edmbolos y un nuevo arte m\u00e1s all\u00e1 de las fronteras y las naciones.<\/p>\n<\/div><\/section><\/div><div class=\"flex_column av_one_fifth  flex_column_div av-zero-column-padding   avia-builder-el-9  el_after_av_three_fifth  avia-builder-el-last  \" style='border-radius:0px; '><\/div>\n","protected":false},"excerpt":{"rendered":"","protected":false},"author":1,"featured_media":0,"parent":0,"menu_order":0,"comment_status":"closed","ping_status":"closed","template":"tpl-category.php","meta":{"footnotes":""},"class_list":["post-4228","page","type-page","status-publish","hentry"],"_links":{"self":[{"href":"https:\/\/2017.transeuropafestival.eu\/es\/wp-json\/wp\/v2\/pages\/4228","targetHints":{"allow":["GET"]}}],"collection":[{"href":"https:\/\/2017.transeuropafestival.eu\/es\/wp-json\/wp\/v2\/pages"}],"about":[{"href":"https:\/\/2017.transeuropafestival.eu\/es\/wp-json\/wp\/v2\/types\/page"}],"author":[{"embeddable":true,"href":"https:\/\/2017.transeuropafestival.eu\/es\/wp-json\/wp\/v2\/users\/1"}],"replies":[{"embeddable":true,"href":"https:\/\/2017.transeuropafestival.eu\/es\/wp-json\/wp\/v2\/comments?post=4228"}],"version-history":[{"count":7,"href":"https:\/\/2017.transeuropafestival.eu\/es\/wp-json\/wp\/v2\/pages\/4228\/revisions"}],"predecessor-version":[{"id":6539,"href":"https:\/\/2017.transeuropafestival.eu\/es\/wp-json\/wp\/v2\/pages\/4228\/revisions\/6539"}],"wp:attachment":[{"href":"https:\/\/2017.transeuropafestival.eu\/es\/wp-json\/wp\/v2\/media?parent=4228"}],"curies":[{"name":"wp","href":"https:\/\/api.w.org\/{rel}","templated":true}]}}