{"id":4264,"date":"2017-07-12T19:47:00","date_gmt":"2017-07-12T19:47:00","guid":{"rendered":"https:\/\/2017.transeuropafestival.eu\/programme\/"},"modified":"2017-10-19T14:42:21","modified_gmt":"2017-10-19T14:42:21","slug":"programme","status":"publish","type":"page","link":"https:\/\/2017.transeuropafestival.eu\/es\/programme\/","title":{"rendered":"Programa"},"content":{"rendered":"<div id='av_section_1'  class='avia-section main_color avia-section-huge avia-no-border-styling  avia-full-stretch av-parallax-section av-section-color-overlay-active avia-bg-style-parallax  avia-builder-el-0  el_before_av_section  avia-builder-el-first   container_wrap fullsize' style=' '  data-section-bg-repeat='stretch'><div class='av-parallax' data-avia-parallax-ratio='0.3' ><div class='av-parallax-inner main_color  avia-full-stretch' style = 'background-repeat: no-repeat; background-image: url(https:\/\/2017.transeuropafestival.eu\/wp-content\/uploads\/2017\/01\/banners-1500x450_0002_6.jpg);background-attachment: scroll; background-position: center center; ' ><\/div><\/div><div class='av-section-color-overlay-wrap'><div class='av-section-color-overlay' style='opacity: 0.5; background-color: #35383c; '><\/div><div class='container' ><main  role=\"main\" itemprop=\"mainContentOfPage\"  class='template-page content  av-content-full alpha units'><div class='post-entry post-entry-type-page post-entry-4264'><div class='entry-content-wrapper clearfix'>\n<div class=\"flex_column av_one_fifth  flex_column_div av-zero-column-padding first  avia-builder-el-1  el_before_av_three_fifth  avia-builder-el-first  \" style='border-radius:0px; '><\/div><div class=\"flex_column av_three_fifth  flex_column_div av-zero-column-padding   avia-builder-el-2  el_after_av_one_fifth  el_before_av_one_fifth  \" style='border-radius:0px; '><p><div  style='padding-bottom:20px; color:#ffffff;font-size:40px;' class='av-special-heading av-special-heading-h1 custom-color-heading blockquote modern-quote modern-centered  avia-builder-el-3  el_before_av_textblock  avia-builder-el-first  av-inherit-size '><h1 class='av-special-heading-tag '  itemprop=\"headline\"  >Programa<\/h1><div class='special-heading-border'><div class='special-heading-inner-border' style='border-color:#ffffff'><\/div><\/div><\/div><br \/>\n<section class=\"av_textblock_section \"  itemscope=\"itemscope\" itemtype=\"https:\/\/schema.org\/CreativeWork\" ><div class='avia_textblock  av_inherit_color '  style='color:#ffffff; '  itemprop=\"text\" ><p style=\"text-align: center;\">Talleres, actuaciones art\u00edsticas, exposiciones, encuentros entre miembrxs de plataformas y consejos municipales de toda Europa, expertxs y activistas en pol\u00edticas y acciones migratorias, intercambio entre diferentes medios y formatos period\u00edsticos, debates sobre feminismo y feminizaci\u00f3n de la pol\u00edtica, artivismo, intercambios con la European Commons Assembly, y mucho m\u00e1s.<\/p>\n<\/div><\/section><\/p><\/div><div class=\"flex_column av_one_fifth  flex_column_div av-zero-column-padding   avia-builder-el-5  el_after_av_three_fifth  avia-builder-el-last  \" style='border-radius:0px; '><\/div>\n\n<\/div><\/div><\/main><!-- close content main element --><\/div><\/div><\/div><div id='av_section_2'  class='avia-section main_color avia-section-small avia-no-border-styling  avia-bg-style-scroll  avia-builder-el-6  el_after_av_section  avia-builder-el-last   container_wrap fullsize' style=' '  ><div class='container' ><div class='template-page content  av-content-full alpha units'><div class='post-entry post-entry-type-page post-entry-4264'><div class='entry-content-wrapper clearfix'>\n<div class=\"flex_column av_one_full  flex_column_div av-zero-column-padding first  avia-builder-el-7  avia-builder-el-no-sibling  \" style='border-radius:0px; '><section class=\"av_textblock_section \"  itemscope=\"itemscope\" itemtype=\"https:\/\/schema.org\/CreativeWork\" ><div class='avia_textblock  '   itemprop=\"text\" ><p><a href=\"https:\/\/2017.transeuropafestival.eu\/wp-content\/uploads\/2017\/07\/TF17-programa-2.pdf\"><img loading=\"lazy\" decoding=\"async\" class=\"alignnone size-full wp-image-6755\" src=\"https:\/\/2017.transeuropafestival.eu\/wp-content\/uploads\/2017\/07\/TF17-programa-4.jpg\" alt=\"\" width=\"4500\" height=\"2587\" srcset=\"https:\/\/2017.transeuropafestival.eu\/wp-content\/uploads\/2017\/07\/TF17-programa-4.jpg 4500w, https:\/\/2017.transeuropafestival.eu\/wp-content\/uploads\/2017\/07\/TF17-programa-4-300x172.jpg 300w, https:\/\/2017.transeuropafestival.eu\/wp-content\/uploads\/2017\/07\/TF17-programa-4-768x442.jpg 768w, https:\/\/2017.transeuropafestival.eu\/wp-content\/uploads\/2017\/07\/TF17-programa-4-1030x592.jpg 1030w, https:\/\/2017.transeuropafestival.eu\/wp-content\/uploads\/2017\/07\/TF17-programa-4-1500x862.jpg 1500w, https:\/\/2017.transeuropafestival.eu\/wp-content\/uploads\/2017\/07\/TF17-programa-4-705x405.jpg 705w, https:\/\/2017.transeuropafestival.eu\/wp-content\/uploads\/2017\/07\/TF17-programa-4-450x259.jpg 450w\" sizes=\"auto, (max-width: 4500px) 100vw, 4500px\" \/><\/a><\/p>\n<\/div><\/section><\/div>\n","protected":false},"excerpt":{"rendered":"","protected":false},"author":1,"featured_media":0,"parent":0,"menu_order":0,"comment_status":"closed","ping_status":"closed","template":"tpl-programa.php","meta":{"footnotes":""},"class_list":["post-4264","page","type-page","status-publish","hentry"],"_links":{"self":[{"href":"https:\/\/2017.transeuropafestival.eu\/es\/wp-json\/wp\/v2\/pages\/4264","targetHints":{"allow":["GET"]}}],"collection":[{"href":"https:\/\/2017.transeuropafestival.eu\/es\/wp-json\/wp\/v2\/pages"}],"about":[{"href":"https:\/\/2017.transeuropafestival.eu\/es\/wp-json\/wp\/v2\/types\/page"}],"author":[{"embeddable":true,"href":"https:\/\/2017.transeuropafestival.eu\/es\/wp-json\/wp\/v2\/users\/1"}],"replies":[{"embeddable":true,"href":"https:\/\/2017.transeuropafestival.eu\/es\/wp-json\/wp\/v2\/comments?post=4264"}],"version-history":[{"count":8,"href":"https:\/\/2017.transeuropafestival.eu\/es\/wp-json\/wp\/v2\/pages\/4264\/revisions"}],"predecessor-version":[{"id":6752,"href":"https:\/\/2017.transeuropafestival.eu\/es\/wp-json\/wp\/v2\/pages\/4264\/revisions\/6752"}],"wp:attachment":[{"href":"https:\/\/2017.transeuropafestival.eu\/es\/wp-json\/wp\/v2\/media?parent=4264"}],"curies":[{"name":"wp","href":"https:\/\/api.w.org\/{rel}","templated":true}]}}