{"id":4274,"date":"2017-07-12T19:47:18","date_gmt":"2017-07-12T19:47:18","guid":{"rendered":"https:\/\/2017.transeuropafestival.eu\/workshop\/"},"modified":"2017-10-12T16:21:29","modified_gmt":"2017-10-12T16:21:29","slug":"workshop","status":"publish","type":"page","link":"https:\/\/2017.transeuropafestival.eu\/es\/workshop\/","title":{"rendered":"Workshop"},"content":{"rendered":"<div id='participateacordion'  class='avia-section main_color avia-section-small avia-no-border-styling  avia-full-stretch av-section-color-overlay-active avia-bg-style-scroll  avia-builder-el-0  avia-builder-el-no-sibling   container_wrap fullsize' style='background-repeat: no-repeat; background-image: url(https:\/\/2017.transeuropafestival.eu\/wp-content\/uploads\/2017\/07\/participate-fondo.jpg);background-attachment: scroll; background-position: center center;  '  data-section-bg-repeat='stretch'><div class='av-section-color-overlay-wrap'><div class='av-section-color-overlay' style='opacity: 0.6; background-color: #cf2bc8; '><\/div><div class='container' ><main  role=\"main\" itemprop=\"mainContentOfPage\"  class='template-page content  av-content-full alpha units'><div class='post-entry post-entry-type-page post-entry-4274'><div class='entry-content-wrapper clearfix'>\n<div class=\"flex_column av_one_full  flex_column_div av-zero-column-padding first  avia-builder-el-1  el_before_av_one_fifth  avia-builder-el-first  \" style='border-radius:0px; '><div  style='padding-bottom:19px; color:#ffffff;font-size:40px;' class='av-special-heading av-special-heading-h1 custom-color-heading blockquote modern-quote modern-centered  avia-builder-el-2  avia-builder-el-no-sibling  av-inherit-size '><h1 class='av-special-heading-tag '  itemprop=\"headline\"  >TRANSEUROPA workshops en Madrid<\/h1><div class='special-heading-border'><div class='special-heading-inner-border' style='border-color:#ffffff'><\/div><\/div><\/div><\/div><div class=\"flex_column av_one_fifth  flex_column_div av-zero-column-padding first  avia-builder-el-3  el_after_av_one_full  el_before_av_three_fifth  column-top-margin\" style='border-radius:0px; '><\/div><div class=\"flex_column av_three_fifth  flex_column_div av-zero-column-padding   avia-builder-el-4  el_after_av_one_fifth  el_before_av_one_fifth  column-top-margin\" style='border-radius:0px; '><section class=\"av_textblock_section \"  itemscope=\"itemscope\" itemtype=\"https:\/\/schema.org\/CreativeWork\" ><div class='avia_textblock  '  style='font-size:14px; '  itemprop=\"text\" ><p><span style=\"color: #ffffff;\">Facilitadorxs profesionalxs procedentes de toda Europa organizar\u00e1n workshops de un d\u00eda con diferentes estructuras dependiendo de los participantes. Algunos ser\u00e1n en ingl\u00e9s, y algunos en espa\u00f1ol. Los talleres tendr\u00e1n lugar en Madrid los jueves 26 y viernes 27 de octubre. La fecha l\u00edmite para solicitar becas ha pasado el 30 de julio, pero si se est\u00e1s en Madrid o est\u00e1s dispuestx a financiar tu viaje y alojamiento, <a href=\"https:\/\/docs.google.com\/forms\/d\/e\/1FAIpQLScTqAbQji0gfOew1ABNwZszqK1_UTogRIwWmFdecpFL_jVepA\/viewform\"><strong>puedes registrarte para participar.\u00a0<\/strong><\/a><\/span><\/p>\n<p><span style=\"color: #ffffff;\">Algunos de nuestrxs participantxs que reciben becas para asistir a todo el Festival recibir\u00e1n el almuerzo durante los d\u00edas del taller. Si quieres comer con nosotrxs, podr\u00e1s hacerlo dando una peque\u00f1a contribuci\u00f3n en el momento.<\/span><\/p>\n<p><span style=\"color: #ffffff;\">Si quieres participar s\u00f3lo en los talleres, por favor contacta a Elena: e.silvestrini@euroalter.com. Si eres unx participante con beca y tienes alguna pregunta, por favor ponte en contacto con Giuseppina: g.tucci@euroalter.com<\/span><\/p>\n<\/div><\/section><\/div><div class=\"flex_column av_one_fifth  flex_column_div   avia-builder-el-6  el_after_av_three_fifth  el_before_av_one_fifth  column-top-margin\" style='padding:50px 0px 50px 0px ; border-radius:0px; '><\/div><div class=\"flex_column av_one_fifth  flex_column_div av-zero-column-padding first  avia-builder-el-7  el_after_av_one_fifth  el_before_av_three_fifth  column-top-margin\" style='border-radius:0px; '><\/div><div class=\"flex_column av_three_fifth  flex_column_div   avia-builder-el-8  el_after_av_one_fifth  el_before_av_one_fifth  column-top-margin\" style='padding:50px 0px 50px 0px ; border-radius:0px; '><div  class=\"togglecontainer   toggle_close_all  avia-builder-el-9  avia-builder-el-no-sibling \" >\n<section class=\"av_toggle_section\"  itemscope=\"itemscope\" itemtype=\"https:\/\/schema.org\/CreativeWork\"  >    <div role=\"tablist\" class=\"single_toggle\" data-tags=\"{Todo} \"  >        <p data-fake-id=\"#toggle-id-1\" class=\"toggler \"  itemprop=\"headline\"    role=\"tab\" tabindex=\"0\" aria-controls=\"toggle-id-1-container\">victims, perpetrators and the collective self ENG<span class=\"toggle_icon\" >        <span class=\"vert_icon\"><\/span><span class=\"hor_icon\"><\/span><\/span><\/p>        <div id=\"toggle-id-1-container\" class=\"toggle_wrap \"  >            <div class=\"toggle_content invers-color \"  itemprop=\"text\"   ><p>For many people in Europe an exclusive collective memory and a feeling of belonging to a \u00abnation\u00bb plays a key role within their self-understanding. For a number of regions this type of perception goes along with the victimisation of the collective self: the world outside the respective collective appears hostile and is identified as consisting of (potential) perpetrators. What needs are expressed by this type of self-understanding? How can we narrate the past to encounter these needs and offer an alternative approach?<\/p>\n<p><a href=\"https:\/\/2017.transeuropafestival.eu\/es\/eventos\/victims-perpetrators\/\">read more<\/a><\/p>\n            <\/div>        <\/div>    <\/div><\/section>\n<section class=\"av_toggle_section\"  itemscope=\"itemscope\" itemtype=\"https:\/\/schema.org\/CreativeWork\"  >    <div role=\"tablist\" class=\"single_toggle\" data-tags=\"{Todo} \"  >        <p data-fake-id=\"#toggle-id-2\" class=\"toggler \"  itemprop=\"headline\"    role=\"tab\" tabindex=\"0\" aria-controls=\"toggle-id-2-container\">Intersectionality in practice ENG<span class=\"toggle_icon\" >        <span class=\"vert_icon\"><\/span><span class=\"hor_icon\"><\/span><\/span><\/p>        <div id=\"toggle-id-2-container\" class=\"toggle_wrap \"  >            <div class=\"toggle_content invers-color \"  itemprop=\"text\"   ><p><span style=\"font-weight: 400;\">Here is a chance to move beyond the theory of intersectionality by finding ways to practice social justice organising with more rigour and competence. We will think about how better connect our struggles in our fight towards long-term change, and take steps to make your activism -and your life- more intersectional.\u00a0Through this workshop participants will gain a working understanding of intersectional organising; they will create a set of commitments for relating to their own work\/life and will access tools and exercises to build their confidence in this area. <\/span><\/p>\n<p><a href=\"https:\/\/2017.transeuropafestival.eu\/eventos\/intersectionality-in-practice\/\">read more<\/a><\/p>\n            <\/div>        <\/div>    <\/div><\/section>\n<section class=\"av_toggle_section\"  itemscope=\"itemscope\" itemtype=\"https:\/\/schema.org\/CreativeWork\"  >    <div role=\"tablist\" class=\"single_toggle\" data-tags=\"{Todo} \"  >        <p data-fake-id=\"#toggle-id-3\" class=\"toggler \"  itemprop=\"headline\"    role=\"tab\" tabindex=\"0\" aria-controls=\"toggle-id-3-container\">Ciberseguridad para activistas (DIY) SPA<span class=\"toggle_icon\" >        <span class=\"vert_icon\"><\/span><span class=\"hor_icon\"><\/span><\/span><\/p>        <div id=\"toggle-id-3-container\" class=\"toggle_wrap \"  >            <div class=\"toggle_content invers-color \"  itemprop=\"text\"   ><p>Este ser\u00e1 un taller sobre privacidad y seguridad digital con una\u00a0perspectiva cr\u00edtica y hol\u00edstica. Est\u00e1 especialmente dirigido a\u00a0activistas y personas que trabajan en colectivos sociales, que quieran\u00a0mejorar sus pr\u00e1cticas digitales y repensar sobre estos temas. Mapearemos\u00a0y analizaremos nuestras rutinas digitales, identificaremos riesgos y\u00a0buscaremos juntas discursos, estrategias y herramientas con las que afrontar vulnerabilidades ya cotidianas.\u00a0La metodolog\u00eda del taller es eminentemente pr\u00e1ctica y se desarrollar\u00e1\u00a0mediante din\u00e1micas de reflexi\u00f3n-acci\u00f3n colectiva, juegos y t\u00e9cnicas\u00a0teatrales, sin hacer uso directo de tecnolog\u00edas o software&#8230;<\/p>\n<p><a href=\"https:\/\/2017.transeuropafestival.eu\/eventos\/diy-cybersecurity-for-activists\/\">read more<\/a><\/p>\n            <\/div>        <\/div>    <\/div><\/section>\n<section class=\"av_toggle_section\"  itemscope=\"itemscope\" itemtype=\"https:\/\/schema.org\/CreativeWork\"  >    <div role=\"tablist\" class=\"single_toggle\" data-tags=\"{Todo} \"  >        <p data-fake-id=\"#toggle-id-4\" class=\"toggler \"  itemprop=\"headline\"    role=\"tab\" tabindex=\"0\" aria-controls=\"toggle-id-4-container\">iHopp - digital storytelling ENG<span class=\"toggle_icon\" >        <span class=\"vert_icon\"><\/span><span class=\"hor_icon\"><\/span><\/span><\/p>        <div id=\"toggle-id-4-container\" class=\"toggle_wrap \"  >            <div class=\"toggle_content invers-color \"  itemprop=\"text\"   ><p><span style=\"font-weight: 400;\">It aims at creating a dialogue platform to facilitate integration of new arrivals and the local community members. During two rounds of workshops in Gothenburg, more than 20 participants shared their stories. We would like to screen a selection of the digital stories and share the reflection and learning from our experience. We will invite participants to share their stories as well. <\/span><\/p>\n<p><a href=\"https:\/\/2017.transeuropafestival.eu\/eventos\/ihopp\/\">read more<\/a><\/p>\n            <\/div>        <\/div>    <\/div><\/section>\n<section class=\"av_toggle_section\"  itemscope=\"itemscope\" itemtype=\"https:\/\/schema.org\/CreativeWork\"  >    <div role=\"tablist\" class=\"single_toggle\" data-tags=\"{Todo} \"  >        <p data-fake-id=\"#toggle-id-5\" class=\"toggler \"  itemprop=\"headline\"    role=\"tab\" tabindex=\"0\" aria-controls=\"toggle-id-5-container\">Community strategies against institutional racism ENG<span class=\"toggle_icon\" >        <span class=\"vert_icon\"><\/span><span class=\"hor_icon\"><\/span><\/span><\/p>        <div id=\"toggle-id-5-container\" class=\"toggle_wrap \"  >            <div class=\"toggle_content invers-color \"  itemprop=\"text\"   ><p>Create a network of municipalities to develop tools and share experiences against institutional racism. Find common strategies of disobedience against racist policies from state governments among activists, human rights lawyers, cultural agents, scholars and councillors. Create a pan-european anti-racist movement with a common agenda.<\/p>\n<p><a href=\"https:\/\/2017.transeuropafestival.eu\/eventos\/community-strategies-against-institutional-racism\/\">read more<\/a><\/p>\n            <\/div>        <\/div>    <\/div><\/section>\n<section class=\"av_toggle_section\"  itemscope=\"itemscope\" itemtype=\"https:\/\/schema.org\/CreativeWork\"  >    <div role=\"tablist\" class=\"single_toggle\" data-tags=\"{Todo} \"  >        <p data-fake-id=\"#toggle-id-6\" class=\"toggler \"  itemprop=\"headline\"    role=\"tab\" tabindex=\"0\" aria-controls=\"toggle-id-6-container\">Building a Local Artists-at-Risk (AR) Residency Network ENG<span class=\"toggle_icon\" >        <span class=\"vert_icon\"><\/span><span class=\"hor_icon\"><\/span><\/span><\/p>        <div id=\"toggle-id-6-container\" class=\"toggle_wrap \"  >            <div class=\"toggle_content invers-color \"  itemprop=\"text\"   ><p><span style=\"font-weight: 400;\">A workshop by and for all who want to work with artists, critics, curators and theorists who have to flee their country of origin. These art practitioners are \u201cat risk\u201d for a reason &#8211; they are living on the rough edges of the permissible in their home countries: artistically, culturally, socially, politically. Building a local AR-Residency network involves artistic, activist, legal, psychological and curatorial partners and infrastructures.<\/span><\/p>\n<p><a href=\"https:\/\/2017.transeuropafestival.eu\/eventos\/building-a-local-artists-at-risk-ar-residency-network\/\">read more<\/a><\/p>\n            <\/div>        <\/div>    <\/div><\/section>\n<section class=\"av_toggle_section\"  itemscope=\"itemscope\" itemtype=\"https:\/\/schema.org\/CreativeWork\"  >    <div role=\"tablist\" class=\"single_toggle\" data-tags=\"{Todo} \"  >        <p data-fake-id=\"#toggle-id-7\" class=\"toggler \"  itemprop=\"headline\"    role=\"tab\" tabindex=\"0\" aria-controls=\"toggle-id-7-container\">Funding the Cooperative City ENG<span class=\"toggle_icon\" >        <span class=\"vert_icon\"><\/span><span class=\"hor_icon\"><\/span><\/span><\/p>        <div id=\"toggle-id-7-container\" class=\"toggle_wrap \"  >            <div class=\"toggle_content invers-color \"  itemprop=\"text\"   ><p><span style=\"font-weight: 400;\">The research and networking project \u201cFunding the Cooperative City\u201d aims at exploring the emerging landscape of collaborative economy initiatives: Faced with austerity measures, privatisation and financialisation community groups and citizen initiatives started to organise their own services and spaces. These initiatives are increasingly using local communities, crowd resources and new, ethical financial actors to invest in their activities<\/span><span style=\"font-weight: 400;\">. In this workshop participants will not only \u00a0learn about these emerging community finance initiatives \u00a0but will be supported in evaluating their own economic and financial needs, and identify their potential partners. Understand points of connection in order to create an Europe-wide tissue of community finance<\/span><\/p>\n<p><a href=\"https:\/\/2017.transeuropafestival.eu\/eventos\/funding-the-cooperative-city\/\">read more<\/a><\/p>\n            <\/div>        <\/div>    <\/div><\/section>\n<section class=\"av_toggle_section\"  itemscope=\"itemscope\" itemtype=\"https:\/\/schema.org\/CreativeWork\"  >    <div role=\"tablist\" class=\"single_toggle\" data-tags=\"{Todo} \"  >        <p data-fake-id=\"#toggle-id-8\" class=\"toggler \"  itemprop=\"headline\"    role=\"tab\" tabindex=\"0\" aria-controls=\"toggle-id-8-container\">The Brexit Crisis: Building TransEuropean Perspectives ENG<span class=\"toggle_icon\" >        <span class=\"vert_icon\"><\/span><span class=\"hor_icon\"><\/span><\/span><\/p>        <div id=\"toggle-id-8-container\" class=\"toggle_wrap \"  >            <div class=\"toggle_content invers-color \"  itemprop=\"text\"   ><p><span style=\"font-weight: 400;\">This workshop will seek to develop dialogues between activists across Europe, sharing experiences and perspectives. It will review the current state of Brexit negotiations, outline how progressive Remainers in the UK are challenging the nationalist and neoliberal agenda of their government, explore opportunities for common action, and reflect on the possibilities opening up for a better Europe. \u00a0\u00a0<\/span><\/p>\n<p><a href=\"https:\/\/2017.transeuropafestival.eu\/eventos\/the-brexit-crisis-building-transeuropean-perspectives\/\">read more<\/a><\/p>\n            <\/div>        <\/div>    <\/div><\/section>\n<section class=\"av_toggle_section\"  itemscope=\"itemscope\" itemtype=\"https:\/\/schema.org\/CreativeWork\"  >    <div role=\"tablist\" class=\"single_toggle\" data-tags=\"{Todo} \"  >        <p data-fake-id=\"#toggle-id-9\" class=\"toggler \"  itemprop=\"headline\"    role=\"tab\" tabindex=\"0\" aria-controls=\"toggle-id-9-container\">\u00bfIntegraci\u00f3n o eurosplaining? SPA<span class=\"toggle_icon\" >        <span class=\"vert_icon\"><\/span><span class=\"hor_icon\"><\/span><\/span><\/p>        <div id=\"toggle-id-9-container\" class=\"toggle_wrap \"  >            <div class=\"toggle_content invers-color \"  itemprop=\"text\"   ><p><span style=\"font-weight: 400;\">Explorando las blanquitudes sudakas, aqu\u00ed y all\u00e1, los puentes, el privilegio (OMG), los espacios no mixtos, el poliamor, las ciudadan\u00edas inexistentes y las secuestradas, \u00a0los memes de White tears y\u00a0&#8230;<\/span><\/p>\n<p><a href=\"https:\/\/2017.transeuropafestival.eu\/eventos\/la-leyenda-de-cavillaca-cuerpos-marcados-y-ciudadanias-secuestradas\/\">read more<\/a><\/p>\n            <\/div>        <\/div>    <\/div><\/section>\n<section class=\"av_toggle_section\"  itemscope=\"itemscope\" itemtype=\"https:\/\/schema.org\/CreativeWork\"  >    <div role=\"tablist\" class=\"single_toggle\" data-tags=\"{Todo} \"  >        <p data-fake-id=\"#toggle-id-10\" class=\"toggler \"  itemprop=\"headline\"    role=\"tab\" tabindex=\"0\" aria-controls=\"toggle-id-10-container\">Cities of Change ENG<span class=\"toggle_icon\" >        <span class=\"vert_icon\"><\/span><span class=\"hor_icon\"><\/span><\/span><\/p>        <div id=\"toggle-id-10-container\" class=\"toggle_wrap \"  >            <div class=\"toggle_content invers-color \"  itemprop=\"text\"   ><p><span style=\"font-weight: 400;\">The examples of Spanish municipalism exemplify that cities are at the forefront of democratic innovation and resistance against austerity politics: Changing relationships between active citizenship, social movements and administration lead to new ways of doing politics. After a short introduction we will discuss on how to use and further develop a digital mapping tool for cities of change which has been co-created by European Alternatives. How can we understand the mapping itself as a process of commoning and use synergies between existing networks to gather information on examples of new municipalism? <\/span><\/p>\n<p><a href=\"https:\/\/2017.transeuropafestival.eu\/eventos\/mapping-cities-of-change\/\">read more<\/a><\/p>\n            <\/div>        <\/div>    <\/div><\/section>\n<section class=\"av_toggle_section\"  itemscope=\"itemscope\" itemtype=\"https:\/\/schema.org\/CreativeWork\"  >    <div role=\"tablist\" class=\"single_toggle\" data-tags=\"{Todo} \"  >        <p data-fake-id=\"#toggle-id-11\" class=\"toggler \"  itemprop=\"headline\"    role=\"tab\" tabindex=\"0\" aria-controls=\"toggle-id-11-container\">TransSolidarity in times of Crisis ENG<span class=\"toggle_icon\" >        <span class=\"vert_icon\"><\/span><span class=\"hor_icon\"><\/span><\/span><\/p>        <div id=\"toggle-id-11-container\" class=\"toggle_wrap \"  >            <div class=\"toggle_content invers-color \"  itemprop=\"text\"   ><p><span style=\"font-weight: 400;\">The aim of this roundtable is to discuss these and other questions with activists from different european countries.<\/span><\/p>\n<p><a href=\"https:\/\/2017.transeuropafestival.eu\/eventos\/transnational-solidarity\/\">read more\u00a0<\/a><\/p>\n            <\/div>        <\/div>    <\/div><\/section>\n<section class=\"av_toggle_section\"  itemscope=\"itemscope\" itemtype=\"https:\/\/schema.org\/CreativeWork\"  >    <div role=\"tablist\" class=\"single_toggle\" data-tags=\"{Todo} \"  >        <p data-fake-id=\"#toggle-id-12\" class=\"toggler \"  itemprop=\"headline\"    role=\"tab\" tabindex=\"0\" aria-controls=\"toggle-id-12-container\">De-patriarchalisation of Politics ENG<span class=\"toggle_icon\" >        <span class=\"vert_icon\"><\/span><span class=\"hor_icon\"><\/span><\/span><\/p>        <div id=\"toggle-id-12-container\" class=\"toggle_wrap \"  >            <div class=\"toggle_content invers-color \"  itemprop=\"text\"   ><p><span style=\"font-weight: 400;\">This workshop will be an opportunity for the international public to learn from Spanish social movements and municipalist experiences and discuss what it means to \u201cfeminise politics\u201d. We will explore how this concept and practice aims at the <\/span><span style=\"font-weight: 400;\">symbolic and cultural transformation of the nature itself of political organising; we will exchange experiences on how the limits of the concept and will share <\/span><span style=\"font-weight: 400;\">strategies, methods and tools. <\/span><\/p>\n<p><a href=\"https:\/\/2017.transeuropafestival.eu\/eventos\/feminisation-of-politics\/\">read more\u00a0<\/a><\/p>\n            <\/div>        <\/div>    <\/div><\/section>\n<section class=\"av_toggle_section\"  itemscope=\"itemscope\" itemtype=\"https:\/\/schema.org\/CreativeWork\"  >    <div role=\"tablist\" class=\"single_toggle\" data-tags=\"{Todo} \"  >        <p data-fake-id=\"#toggle-id-13\" class=\"toggler \"  itemprop=\"headline\"    role=\"tab\" tabindex=\"0\" aria-controls=\"toggle-id-13-container\">#StopIslamofobia ENG<span class=\"toggle_icon\" >        <span class=\"vert_icon\"><\/span><span class=\"hor_icon\"><\/span><\/span><\/p>        <div id=\"toggle-id-13-container\" class=\"toggle_wrap \"  >            <div class=\"toggle_content invers-color \"  itemprop=\"text\"   ><p><span style=\"font-weight: 400;\">The workshop aims at supporting the development of the capacities of young activists working from within and outside the newcomer communities to fight for human rights; connecting them with our larger network to fight against the normalisation of hate speech and racism; increasing the visibility of newcomer activists, as well as those fighting with them on the broader transnational scene.. <\/span><\/p>\n<p><a href=\"https:\/\/2017.transeuropafestival.eu\/eventos\/human-rights-and-commons\/\">read more\u00a0<\/a><\/p>\n            <\/div>        <\/div>    <\/div><\/section>\n<section class=\"av_toggle_section\"  itemscope=\"itemscope\" itemtype=\"https:\/\/schema.org\/CreativeWork\"  >    <div role=\"tablist\" class=\"single_toggle\" data-tags=\"{Todo} \"  >        <p data-fake-id=\"#toggle-id-14\" class=\"toggler \"  itemprop=\"headline\"    role=\"tab\" tabindex=\"0\" aria-controls=\"toggle-id-14-container\">Top Manta - struggle and activism of the street vendors in Spain SPA<span class=\"toggle_icon\" >        <span class=\"vert_icon\"><\/span><span class=\"hor_icon\"><\/span><\/span><\/p>        <div id=\"toggle-id-14-container\" class=\"toggle_wrap \"  >            <div class=\"toggle_content invers-color \"  itemprop=\"text\"   ><p><span style=\"font-weight: 400;\">This workshop proposes a space for reflection on the struggle of the groups of \u201cManteros\u201d and other street vendors in Spain, who are in almost all cases immigrants without documentation. The starting point of the workshop are&#8230;\u00a0<\/span><\/p>\n<p><a href=\"https:\/\/2017.transeuropafestival.eu\/eventos\/4378\/\">read more<\/a><\/p>\n            <\/div>        <\/div>    <\/div><\/section>\n<section class=\"av_toggle_section\"  itemscope=\"itemscope\" itemtype=\"https:\/\/schema.org\/CreativeWork\"  >    <div role=\"tablist\" class=\"single_toggle\" data-tags=\"{Todo} \"  >        <p data-fake-id=\"#toggle-id-15\" class=\"toggler \"  itemprop=\"headline\"    role=\"tab\" tabindex=\"0\" aria-controls=\"toggle-id-15-container\">Data analysis and visualisation ENG<span class=\"toggle_icon\" >        <span class=\"vert_icon\"><\/span><span class=\"hor_icon\"><\/span><\/span><\/p>        <div id=\"toggle-id-15-container\" class=\"toggle_wrap \"  >            <div class=\"toggle_content invers-color \"  itemprop=\"text\"   ><p>Data literacy workshop driven by open and free software tools to get free knowledge.\u00a0<span class=\"il\">Data<\/span>\u00a0Visualisation is a transversal discipline which harnesses the immense power of visual communication in order to explain, in an understandable manner, the relationships of meaning, cause and dependency\u2026<\/p>\n<p><a href=\"https:\/\/2017.transeuropafestival.eu\/eventos\/data-analysis-and-visualisation\/\">read more<\/a><\/p>\n            <\/div>        <\/div>    <\/div><\/section>\n<section class=\"av_toggle_section\"  itemscope=\"itemscope\" itemtype=\"https:\/\/schema.org\/CreativeWork\"  >    <div role=\"tablist\" class=\"single_toggle\" data-tags=\"{Todo} \"  >        <p data-fake-id=\"#toggle-id-16\" class=\"toggler \"  itemprop=\"headline\"    role=\"tab\" tabindex=\"0\" aria-controls=\"toggle-id-16-container\">CIVIC GAMES \/ NEXT LEVEL ENG<span class=\"toggle_icon\" >        <span class=\"vert_icon\"><\/span><span class=\"hor_icon\"><\/span><\/span><\/p>        <div id=\"toggle-id-16-container\" class=\"toggle_wrap \"  >            <div class=\"toggle_content invers-color \"  itemprop=\"text\"   ><p>Video juegos + pol\u00edtica = compromiso de nivel siguiente! Lxs participantes crear\u00e1n conceptos de juegos c\u00edvicos utilizando los nuevos formatos y mecanismos interactivos que ofrecen los juegos digitales&#8230;<\/p>\n<p><a href=\"https:\/\/2017.transeuropafestival.eu\/es\/eventos\/civic-games-next-level\/\">read more<\/a><\/p>\n            <\/div>        <\/div>    <\/div><\/section>\n<\/div><\/div><div class=\"flex_column av_one_fifth  flex_column_div   avia-builder-el-10  el_after_av_three_fifth  avia-builder-el-last  column-top-margin\" style='padding:50px 0px 50px 0px ; border-radius:0px; '><\/div>\n","protected":false},"excerpt":{"rendered":"","protected":false},"author":1,"featured_media":0,"parent":0,"menu_order":0,"comment_status":"closed","ping_status":"closed","template":"tpl-category.php","meta":{"footnotes":""},"class_list":["post-4274","page","type-page","status-publish","hentry"],"_links":{"self":[{"href":"https:\/\/2017.transeuropafestival.eu\/es\/wp-json\/wp\/v2\/pages\/4274","targetHints":{"allow":["GET"]}}],"collection":[{"href":"https:\/\/2017.transeuropafestival.eu\/es\/wp-json\/wp\/v2\/pages"}],"about":[{"href":"https:\/\/2017.transeuropafestival.eu\/es\/wp-json\/wp\/v2\/types\/page"}],"author":[{"embeddable":true,"href":"https:\/\/2017.transeuropafestival.eu\/es\/wp-json\/wp\/v2\/users\/1"}],"replies":[{"embeddable":true,"href":"https:\/\/2017.transeuropafestival.eu\/es\/wp-json\/wp\/v2\/comments?post=4274"}],"version-history":[{"count":10,"href":"https:\/\/2017.transeuropafestival.eu\/es\/wp-json\/wp\/v2\/pages\/4274\/revisions"}],"predecessor-version":[{"id":6468,"href":"https:\/\/2017.transeuropafestival.eu\/es\/wp-json\/wp\/v2\/pages\/4274\/revisions\/6468"}],"wp:attachment":[{"href":"https:\/\/2017.transeuropafestival.eu\/es\/wp-json\/wp\/v2\/media?parent=4274"}],"curies":[{"name":"wp","href":"https:\/\/api.w.org\/{rel}","templated":true}]}}