{"id":4549,"date":"2017-07-17T14:25:39","date_gmt":"2017-07-17T14:25:39","guid":{"rendered":"https:\/\/2017.transeuropafestival.eu\/selection-criteria\/"},"modified":"2017-07-17T14:36:05","modified_gmt":"2017-07-17T14:36:05","slug":"selection-criteria","status":"publish","type":"page","link":"https:\/\/2017.transeuropafestival.eu\/es\/selection-criteria\/","title":{"rendered":"Criterios de selecci\u00f3n para lxs participantes"},"content":{"rendered":"<h2><span style=\"color: #ff00ff;\"><b>Perfil de lxs participantes<\/b><\/span><\/h2>\n<p><span style=\"color: #000000;\">Nos esforzamos por la diversidad de lxs participantes de TRANSEUROPA en t\u00e9rminos de g\u00e9nero, edad, orientaci\u00f3n sexual, origen geogr\u00e1fico y experiencia profesional, as\u00ed como experiencia. Reunimos una mezcla de personas para estimular la creatividad colaborativa. Nuestro proceso de selecci\u00f3n tiene como objetivo reunir a personas de diversas experiencias vividas, habilidades, orientaciones pol\u00edticas, pasiones y talentos que est\u00e1n comprometidxs con experiencias de base, pr\u00e1cticas art\u00edsticas pol\u00edticas, procesos municipales, creadores de medios, y mucho m\u00e1s.<\/span><\/p>\n<p><span style=\"color: #000000;\">Esperamos crear un espacio seguro donde personas con diferentes experiencias e intereses puedan unirse y aprender unxs de otrxs. El inter\u00e9s en seguir colaborando con European Alternatives y con las redes creadas en Transeuropa tambi\u00e9n se valorar\u00e1 muy favorablemente en el proceso de selecci\u00f3n.<\/span><\/p>\n<p><span style=\"color: #000000;\">Tenga en cuenta que el presupuesto disponible no nos permite apoyar econ\u00f3micamente a todxs lxs solicitantes, pero esperamos contribuir con los gastos de viaje y el alojamiento de tantos participantes como sea posible.<\/span><\/p>\n<p><span style=\"color: #000000;\">Asignaremos parte de los sitios disponibles en los talleres a trav\u00e9s de las solicitudes online y parcialmente en base al orden de llegada \u00a0el mismo d\u00eda de los talleres, para permitir un grupo equilibrado de participantes locales e internacionales.<\/span><\/p>\n<p><span style=\"color: #000000;\">Tenga en cuenta que, de acuerdo con nuestra pol\u00edtica de cancelaci\u00f3n, estamos pidiendo una cuota de inscripci\u00f3n no reembolsable de 20 euros a pagar a trav\u00e9s de PayPal o transferencia bancaria despu\u00e9s de que el-la participante reciba la confirmaci\u00f3n de selecci\u00f3n.<\/span><\/p>\n","protected":false},"excerpt":{"rendered":"<p>Perfil de lxs participantes Nos esforzamos por la diversidad de lxs participantes de TRANSEUROPA en t\u00e9rminos de g\u00e9nero, edad, orientaci\u00f3n sexual, origen geogr\u00e1fico y experiencia profesional, as\u00ed como experiencia. Reunimos una mezcla de personas para estimular la creatividad colaborativa. Nuestro proceso de selecci\u00f3n tiene como objetivo reunir a personas de diversas experiencias vividas, habilidades, orientaciones [&hellip;]<\/p>\n","protected":false},"author":2,"featured_media":0,"parent":0,"menu_order":0,"comment_status":"closed","ping_status":"closed","template":"","meta":{"footnotes":""},"class_list":["post-4549","page","type-page","status-publish","hentry"],"_links":{"self":[{"href":"https:\/\/2017.transeuropafestival.eu\/es\/wp-json\/wp\/v2\/pages\/4549","targetHints":{"allow":["GET"]}}],"collection":[{"href":"https:\/\/2017.transeuropafestival.eu\/es\/wp-json\/wp\/v2\/pages"}],"about":[{"href":"https:\/\/2017.transeuropafestival.eu\/es\/wp-json\/wp\/v2\/types\/page"}],"author":[{"embeddable":true,"href":"https:\/\/2017.transeuropafestival.eu\/es\/wp-json\/wp\/v2\/users\/2"}],"replies":[{"embeddable":true,"href":"https:\/\/2017.transeuropafestival.eu\/es\/wp-json\/wp\/v2\/comments?post=4549"}],"version-history":[{"count":1,"href":"https:\/\/2017.transeuropafestival.eu\/es\/wp-json\/wp\/v2\/pages\/4549\/revisions"}],"predecessor-version":[{"id":4558,"href":"https:\/\/2017.transeuropafestival.eu\/es\/wp-json\/wp\/v2\/pages\/4549\/revisions\/4558"}],"wp:attachment":[{"href":"https:\/\/2017.transeuropafestival.eu\/es\/wp-json\/wp\/v2\/media?parent=4549"}],"curies":[{"name":"wp","href":"https:\/\/api.w.org\/{rel}","templated":true}]}}