{"id":5122,"date":"2017-09-19T15:46:54","date_gmt":"2017-09-19T15:46:54","guid":{"rendered":"https:\/\/2017.transeuropafestival.eu\/transeuropa-open\/"},"modified":"2017-10-06T13:48:28","modified_gmt":"2017-10-06T13:48:28","slug":"transeuropa-open","status":"publish","type":"page","link":"https:\/\/2017.transeuropafestival.eu\/es\/transeuropa-open\/","title":{"rendered":"TRANSEUROPA OPEN"},"content":{"rendered":"<div id='eventheader'  class='avia-section main_color avia-section-huge avia-no-border-styling  avia-full-stretch av-parallax-section av-section-color-overlay-active avia-bg-style-parallax  avia-builder-el-0  el_before_av_section  avia-builder-el-first   container_wrap fullsize' style=' '  data-section-bg-repeat='stretch'><div class='av-parallax' data-avia-parallax-ratio='0.3' ><div class='av-parallax-inner main_color  avia-full-stretch' style = 'background-repeat: no-repeat; background-image: url(https:\/\/2017.transeuropafestival.eu\/wp-content\/uploads\/2017\/07\/participate-fondo-acordeon.jpg);background-attachment: scroll; background-position: center center; ' ><\/div><\/div><div class='av-section-color-overlay-wrap'><div class='av-section-color-overlay' style='opacity: 0.5; background-color: #35383c; '><\/div><div class='container' ><main  role=\"main\" itemprop=\"mainContentOfPage\"  class='template-page content  av-content-full alpha units'><div class='post-entry post-entry-type-page post-entry-5122'><div class='entry-content-wrapper clearfix'>\n<div class=\"flex_column av_one_fifth  flex_column_div av-zero-column-padding first  avia-builder-el-1  el_before_av_three_fifth  avia-builder-el-first  \" style='border-radius:0px; '><\/div><div class=\"flex_column av_three_fifth  flex_column_div av-zero-column-padding   avia-builder-el-2  el_after_av_one_fifth  el_before_av_one_fifth  \" style='border-radius:0px; '><div  style='padding-bottom:19px; color:#ffffff;font-size:40px;' class='av-special-heading av-special-heading-h1 custom-color-heading blockquote modern-quote modern-centered  avia-builder-el-3  avia-builder-el-no-sibling  av-inherit-size '><h1 class='av-special-heading-tag '  itemprop=\"headline\"  >TRANSEUROPA OPEN<\/h1><div class ='av-subheading av-subheading_below av_custom_color ' style='font-size:17px;'><p>21 de OCTUBRE<\/p>\n<p>Eventos descentralizados en diferentes ciudades de Europa para la inauguraci\u00f3n de TRANSEUROPA<\/p>\n<\/div><div class='special-heading-border'><div class='special-heading-inner-border' style='border-color:#ffffff'><\/div><\/div><\/div><\/div><div class=\"flex_column av_one_fifth  flex_column_div av-zero-column-padding   avia-builder-el-4  el_after_av_three_fifth  avia-builder-el-last  \" style='border-radius:0px; '><\/div>\n\n<\/div><\/div><\/main><!-- close content main element --><\/div><\/div><\/div><div id='av_section_2'  class='avia-section main_color avia-section-small avia-no-border-styling  avia-bg-style-scroll  avia-builder-el-5  el_after_av_section  avia-builder-el-last   container_wrap fullsize' style=' '  ><div class='container' ><div class='template-page content  av-content-full alpha units'><div class='post-entry post-entry-type-page post-entry-5122'><div class='entry-content-wrapper clearfix'>\n<div class=\"flex_column av_one_fifth  flex_column_div av-zero-column-padding first  avia-builder-el-6  el_before_av_three_fifth  avia-builder-el-first  \" style='border-radius:0px; '><\/div><div class=\"flex_column av_three_fifth  flex_column_div av-zero-column-padding   avia-builder-el-7  el_after_av_one_fifth  el_before_av_one_fifth  \" style='border-radius:0px; '><section class=\"av_textblock_section \"  itemscope=\"itemscope\" itemtype=\"https:\/\/schema.org\/CreativeWork\" ><div class='avia_textblock  '  style='font-size:14px; '  itemprop=\"text\" ><p><span style=\"color: #000000;\">Estamos organizando eventos descentralizados en diferentes ciudades de toda Europa para la apertura de TRANSEUROPA el s\u00e1bado 21 de octubre. Los eventos se centrar\u00e1n en tres tem\u00e1ticas, que ser\u00e1n el n\u00facleo de Transeuropa Open:<\/span><\/p>\n<p><span style=\"color: #000000;\"><strong>Las ciudades del cambio<\/strong>: en toda Europa, observamos nuevas formas de gobernanza democr\u00e1tica a nivel local y de ciudad (Ahora Madrid, Barcelona en Com\u00f9, la ciudad de N\u00e1poles, etc.). Creemos que la ciudadan\u00eda activa capacita a los activistas para postularse para las elecciones de los gobiernos municipales y permite conectarse con las realidades institucionales e influir en los gobiernos nacionales y las instituciones europeas.\u00a0<\/span><\/p>\n<p><span style=\"color: #000000;\"><strong>Los Comunes:<\/strong> creemos en el derecho a los comunes. Los comunes se relacionan con la cooperaci\u00f3n basada en iniciativas localizadas de abajo hacia arriba que crean sistemas autogestionados que satisfacen necesidades importantes. \u00bfC\u00f3mo configuran los comunes nuestras comunidades hoy e inventan nuevas maneras de reclamar nuestra autonom\u00eda sobre las decisiones que afectan nuestras vidas?<\/span><\/p>\n<p><span style=\"color: #000000;\"><strong>Europa como refugio<\/strong>: Queremos recuperar Europa como lugar de refugio para lxs refugiadxs y de protecci\u00f3n de los derechos humanos tanto dentro como en sus fronteras. \u00bfC\u00f3mo crear oportunidades de intercambio entre los reci\u00e9n llegados y el p\u00fablico en general y c\u00f3mo crear espacios seguros que aborden cr\u00edticamente la xenofobia y el racismo?<\/span><\/p>\n<h4 style=\"text-align: center;\"><span style=\"color: #000000;\"><strong>TRANSEUROPA OPEN<\/strong><\/span><\/h4>\n<h4 style=\"text-align: center;\"><span style=\"color: #000000;\"><strong>EVENTOS DE INAUGURACION EN <\/strong><\/span><\/h4>\n<h4 style=\"text-align: center;\"><span style=\"color: #000000;\"><strong>DIFERENTES CIUDADES DE EUROPA<\/strong><\/span><\/h4>\n<h3><span style=\"color: #ff00ff;\"><a href=\"https:\/\/2017.transeuropafestival.eu\/es\/eventos\/neighbourhoods-in-motion-participation-and-urban-transformation-at-the-palmara\/\" target=\"_blank\" rel=\"noopener\"><strong>Mesina (Italia)<\/strong><\/a><\/span><\/h3>\n<p><span style=\"color: #000000;\">La ciudad de Messina, en los proyectos dirigidos a la promoci\u00f3n de la participaci\u00f3n de los<br \/>\nciudadanos y al uso compartido de los comunes, ha puesto en marcha la transformaci\u00f3n<br \/>\nparticipativa de los espacios p\u00fablicos en algunos vecindarios situados en las afueras de la ciudad.<br \/>\nTranseuropa Open Messina re\u00fane a ciudadanos de estas diferentes afueras en uno de los sitios<br \/>\nque se transformar\u00e1 en los pr\u00f3ximos meses, para un d\u00eda de actividades sociales y culturales<br \/>\npromovidas por los locales y para compartir sus experiencias acerc\u00e1ndose por primera vez<br \/>\npr\u00e1cticas participativas y los comunes.<\/span><\/p>\n<h3><span style=\"color: #ff00ff;\"><a href=\"https:\/\/2017.transeuropafestival.eu\/es\/eventos\/maribor-of-the-globe\/\" target=\"_blank\" rel=\"noopener\"><strong>Maribor (Slovenia)<\/strong><\/a><\/span><\/h3>\n<p>Transeuropa Open Maribor les invita a estar informados y a involucrarse en la formaci\u00f3n de<br \/>\nEuropa como un lugar para refugiados. El evento estar\u00e1 compuesto por una mesa rotonda<br \/>\norganizada por Sama Goods con uno de los m\u00e1s importantes actores sobre la migraci\u00f3n y la<br \/>\nintegraci\u00f3n en Slovenia e ir\u00e1 seguido por un almuerzo y sesiones para imaginar Europa como un<br \/>\nsantuario para los refugiados y de protecci\u00f3n de los derechos humanos interiormente y por las<br \/>\nfronteras.<\/p>\n<h3><span style=\"color: #ff00ff;\"><a href=\"https:\/\/2017.transeuropafestival.eu\/es\/eventos\/hacia-nuevos-modelos-de-commons-en-europa\/\" target=\"_blank\" rel=\"noopener\"><strong>Belgrado (Serbia)<\/strong><\/a><\/span><\/h3>\n<p>Las iniciativas de abajo hacia arriba lleva una gran cantidad de energ\u00eda para proclamar los<br \/>\nComunes como factor importante en la vida futura y como importante factor pol\u00edtico tambi\u00e9n.<br \/>\nTranseuropa Open Belgrade debatir\u00e1 sobre las formas en que los Comunes est\u00e1n actualmente<br \/>\ncondicionados. Dos mesas rotondas estudiar\u00e1n como funcionan los Comunes a trav\u00e9s de<br \/>\niniciativas colaborativas de cultura y de artistas y como est\u00e1 usado para compartir conocimientos y tecnolog\u00edas a trav\u00e9s de comunidades auto-organizadas.<\/p>\n<h3><span style=\"color: #ff00ff;\"><strong>Ludwigshafen am Rhein (Alemania)<\/strong><\/span><\/h3>\n<p>Transeuropa Open Ludwigshafen am Rein les invita a participar en una Ludwigshafen<br \/>\ntransnacional y a crear juntos con nosotros una ciudad de cambio en 2017. Este festival de artes<br \/>\ninvitar\u00e1 ad adultos j\u00f3venes a debatir los actuales retos pol\u00edticos en la ciudad de Ludwigshafen am Rhein y a extender su visi\u00f3n de Europa abierta, y abordar las opiniones hacia los pol\u00edticos locales asistiendo a seminarios y eventos externos.<\/p>\n<h3><\/h3>\n<h3><span style=\"color: #ff00ff;\">Berlin (Alemania) \/\/ <a href=\"https:\/\/www.facebook.com\/events\/269092106936546\"><strong>Facebook Event<\/strong><\/a><\/span><\/h3>\n<p>Transeuropa Open Berlin tomar\u00e1 forma como fiesta pol\u00edtica ofreciendo diferentes tipos de<br \/>\nseminarios y de espacios para intercambiar ideas. El tema central est\u00e1 relacionado con los<br \/>\ncomunes con una visi\u00f3n englobante para explorar el contexto local con una perspectiva<br \/>\ntransnaccional. Espacialmente y temporalmente la fiesta va a empezar incluso antes de la fiesta!<br \/>\nLa gente puede unirse a nosotros a pie, en bicicleta o sobre la S-Bahn para alcanzar<br \/>\ncolectivamente el sitio donde acci\u00f3n com\u00fan, discusi\u00f3n cr\u00edtica y discursos cr\u00edpticos podr\u00e1n tener<br \/>\nlugar.<\/p>\n<h3><span style=\"color: #ff00ff;\"><strong>Lousame (Espana)<\/strong><\/span><\/h3>\n<p>Transeuropa Open Lousame tendr\u00e1 lugar en las Frox\u00e1n Common Woodlands, recientemente<br \/>\nreconocidas por el UN Registry of Indigenous and Community Conserved Areas. El programa est\u00e1 costituida por acontecimientos traicionales como la \u201croga\u201d (trabajo comunal), \u201calvaroque\u201d (<br \/>\ncomida comunal), \u201cmagosto\u201d(reuni\u00f3n por el asado de casta\u00f1as de Octubre) y \u201cfoliada\u201d (tocar<br \/>\ntodos juntos) para reunir gente y discutir sobre actuales problemas como el \u00e9xodo rural, la<br \/>\ndestrucci\u00f3n del medio ambiente, el extractivismo y la resistencia popular a trav\u00e9s de estructuras<br \/>\nde tierra com\u00fan en un d\u00eda entero.<\/p>\n<h3><span style=\"color: #ff00ff;\">Turko (Finlandia) \/\/ <a href=\"https:\/\/www.facebook.com\/transeuropaturku\/\"><strong>Facebook Event<\/strong><\/a><\/span><\/h3>\n<p>Transeuropa Open Turku explora varias facetas de los actos de imaginar, narrar y f\u00edsicamente manifestar \u201cthe other\u201d en un contexto europeo contempor\u00e1neo. A trav\u00e9s del uso de diferentes instrumentos art\u00edsticos invitamos a nuestros p\u00fablicos a retar los temas de injusticia social y desigualdad en la narrativas y pr\u00e1cticas de cada d\u00eda y fomentarlos para reescribir, reconstruir y por \u00faltimo dibujar los planes concretos para transformaciones y cambios en forma de dialogo de comunidad viva.<\/p>\n<h3><span style=\"color: #ff00ff;\">Ghent (B\u00e9lgica) \/\/ <a href=\"https:\/\/www.facebook.com\/events\/974699192671400\"><strong>Facebook Event<\/strong><\/a><\/span><\/h3>\n<p>El seminario de Transeuropa Open Ghent va a reunir a gente a trav\u00e9s de los campos de<br \/>\ndeporte\/arte\/activismo sobre el tema de los comunes, explorando el concepto a trav\u00e9s de la mejor pr\u00e1ctica del f\u00fatbol. KAA Gent es el primero y \u00fanico club en Belgio, y uno de los pocos en Europa, que ha tomado un enfoque de los bienes comunes en la propiedad, gobernanza y estructura. Nosotros vamos a explorar esta pr\u00e1ctica de los comunes a trav\u00e9s de la lente del deporte para llevarnos a pensar en los comunes dentro y fuera del campo de f\u00fatbol.<\/p>\n<h3><span style=\"color: #ff00ff;\"><strong>Valencia (Espa\u00f1a)<\/strong><\/span><\/h3>\n<p>Transeuropa Open Valencia lanzar\u00e1 la primera sesi\u00f3n de la Escola d\u2019Innovacio Civica (Civic Innovation School), que mira a crear un espacio de coaprendizaje para la innovaci\u00f3n c\u00edvica de Valencia. En la sesi\u00f3n de la escuela, los participantes formar\u00e1n parte de \u201cCivic Talks\u201d, un formato CivicWise para desarrollar Collective Inteligence para la activaci\u00f3n productiva de los territorios. Los participantes van a compartir problemas y dificultades de sus proyectos. Estos problemas marcar\u00e1n el primero objetivo de un proceso de aprendizaje colaborativo con el prop\u00f3sito de proponer soluciones colectivas.<\/p>\n<h3><span style=\"color: #ff00ff;\"><strong>Herceg Nova (Montenegro)<\/strong><\/span><\/h3>\n<p>El evento de Trasneuropa Open Herceg Nova \u201cWhy waitin\u2019?\u201d mira a presentar y promover pr\u00e1cticas innovadoras procedentes de iniciativas populares que luchan para los derechos de las mujeres. A trav\u00e9s de discusiones sobre el feminismo en Europa y examinando el estatus de las mujeres en Montenegro, as\u00ed como a trav\u00e9s de seminarios, queremos mostrar que micromedidas para mejorar igualdad entre g\u00e9neros son todav\u00eda posibles a trav\u00e9s de iniciativas creativas de abajo hacia arriba de los ciudadanos.<\/p>\n<h3><span style=\"color: #ff00ff;\"><strong>London (Reino Unido)<\/strong><\/span><\/h3>\n<p>Transeuropa London Open presenta una tarde de arte, pol\u00edtica y palabra hablada. Unirse a nosotros para discutir como superar las divisiones de nuestras sociedades fracturadas y construir esperanza en un mejor futuro. Brexit ha revelado la magnitud de las divisiones en la sociedad inglesa. En muchos pa\u00edses europeos las mismas divisiones persisten. Como podemos superarlas?<\/p>\n<p>-Como podemos proteger los derechos de los ciudadanos en Gran Bretana no ingleses y no europeos y de los ciudadanos ingleses en Europa? Como construimos una visi\u00f3n de migraci\u00f3n progresiva e internacionalista para los ciudadanos del mundo?<\/p>\n<p>-Cual es nuestra visi\u00f3n alternativa por Europa hoy en d\u00eda?<\/p>\n<p><span style=\"color: #000000;\">\u00a0<\/span><\/p>\n<\/div><\/section><\/div><div class=\"flex_column av_one_fifth  flex_column_div av-zero-column-padding   avia-builder-el-9  el_after_av_three_fifth  avia-builder-el-last  \" style='border-radius:0px; '><\/div>\n","protected":false},"excerpt":{"rendered":"","protected":false},"author":2,"featured_media":0,"parent":0,"menu_order":0,"comment_status":"closed","ping_status":"closed","template":"","meta":{"footnotes":""},"class_list":["post-5122","page","type-page","status-publish","hentry"],"_links":{"self":[{"href":"https:\/\/2017.transeuropafestival.eu\/es\/wp-json\/wp\/v2\/pages\/5122","targetHints":{"allow":["GET"]}}],"collection":[{"href":"https:\/\/2017.transeuropafestival.eu\/es\/wp-json\/wp\/v2\/pages"}],"about":[{"href":"https:\/\/2017.transeuropafestival.eu\/es\/wp-json\/wp\/v2\/types\/page"}],"author":[{"embeddable":true,"href":"https:\/\/2017.transeuropafestival.eu\/es\/wp-json\/wp\/v2\/users\/2"}],"replies":[{"embeddable":true,"href":"https:\/\/2017.transeuropafestival.eu\/es\/wp-json\/wp\/v2\/comments?post=5122"}],"version-history":[{"count":12,"href":"https:\/\/2017.transeuropafestival.eu\/es\/wp-json\/wp\/v2\/pages\/5122\/revisions"}],"predecessor-version":[{"id":6132,"href":"https:\/\/2017.transeuropafestival.eu\/es\/wp-json\/wp\/v2\/pages\/5122\/revisions\/6132"}],"wp:attachment":[{"href":"https:\/\/2017.transeuropafestival.eu\/es\/wp-json\/wp\/v2\/media?parent=5122"}],"curies":[{"name":"wp","href":"https:\/\/api.w.org\/{rel}","templated":true}]}}